{"id":7,"date":"2020-10-13T19:54:16","date_gmt":"2020-10-13T22:54:16","guid":{"rendered":"https:\/\/digitalproltda.com.br\/cursowp\/manual\/?page_id=7"},"modified":"2020-10-18T10:52:46","modified_gmt":"2020-10-18T13:52:46","slug":"home","status":"publish","type":"page","link":"https:\/\/digitalproltda.com.br\/cursowp\/manual\/","title":{"rendered":"Home"},"content":{"rendered":"\n<section class=\"wp-block-uagb-section uagb-section__wrap uagb-section__background-image uagb-block-9b62ecac\"><div class=\"uagb-section__overlay\"><\/div><div class=\"uagb-section__inner-wrap\">\n<div class=\"wp-block-uagb-info-box uagb-infobox__outer-wrap uagb-block-33d64228\"><div class=\"uagb-infobox__content-wrap uagb-infobox uagb-infobox-has-image uagb-infobox-icon-above-title uagb-infobox-image-valign-top uagb-infobox-enable-border-radius \"><div class=\"uagb-ifb-left-right-wrap\"><div class=\"uagb-ifb-content\"><div class=\"uagb-ifb-image-icon-content uagb-ifb-imgicon-wrap\"><div class=\"uagb-ifb-image\"><div class=\"uagb-ifb-image-content\"><img class=\"\" src=\"https:\/\/digitalproltda.com.br\/cursowp\/manual\/wp-content\/uploads\/2020\/10\/barra-horizontal.png\" alt=\"\"\/><\/div><\/div><\/div><div class=\"uagb-ifb-title-wrap\"><span class=\"uagb-ifb-title-prefix\">Fresco.<\/span><h1 class=\"uagb-ifb-title\">ESPECIALIDADES ITALIANAS<\/h1><\/div><div class=\"uagb-ifb-text-wrap\"><p class=\"uagb-ifb-desc\"><em>Comida boa | Bom vinho<\/em><\/p><\/div><\/div><\/div><\/div><\/div>\n<\/div><\/section>\n\n\n\n<section class=\"wp-block-uagb-columns uagb-columns__wrap uagb-columns__background-image uagb-columns__stack-mobile uagb-columns__valign-top uagb-columns__gap-10 alignundefined uagb-block-219951e0\"><div class=\"uagb-columns__overlay\"><\/div><div class=\"uagb-columns__inner-wrap uagb-columns__columns-3\">\n<div class=\"wp-block-uagb-column uagb-column__wrap uagb-column__background-image uagb-block-3c6dc606\"><div class=\"uagb-column__overlay\"><\/div><div class=\"uagb-column__inner-wrap\">\n<div class=\"wp-block-uagb-info-box uagb-infobox__outer-wrap uagb-block-9dcae00c\"><div class=\"uagb-infobox__content-wrap uagb-infobox uagb-infobox-has-icon uagb-infobox-icon-above-title uagb-infobox-image-valign-top uagb-infobox-enable-border-radius \"><div class=\"uagb-ifb-left-right-wrap\"><div class=\"uagb-ifb-content\"><div class=\"uagb-ifb-title-wrap\"><span class=\"uagb-ifb-title-prefix\">O mais amado do bairro<\/span><h2 class=\"uagb-ifb-title\">Bem-vindo<\/h2><\/div><div class=\"uagb-ifb-text-wrap\"><p class=\"uagb-ifb-desc\">Reconhecido pela boa comida e bebida desde 1978.<\/p><\/div><\/div><\/div><\/div><\/div>\n\n\n\n<div class=\"wp-block-uagb-info-box uagb-infobox__outer-wrap uagb-block-864b55e1\"><div class=\"uagb-infobox__content-wrap uagb-infobox uagb-infobox-has-icon uagb-infobox-icon-above-title uagb-infobox-image-valign-top uagb-infobox-enable-border-radius \"><div class=\"uagb-ifb-left-right-wrap\"><div class=\"uagb-ifb-content\"><div class=\"uagb-ifb-title-wrap\"><\/div><div class=\"uagb-ifb-text-wrap\"><p class=\"uagb-ifb-desc\">Premiado pelo instituto Curso em V\u00eddeo de qualidade de culin\u00e1ria e oferecendo os melhores servi\u00e7os.<\/p><div class=\"uagb-ifb-cta uagb-infobox-cta-link-style\"><div class=\"uagb-ifb-button-wrapper\"><a href=\"https:\/\/digitalproltda.com.br\/cursowp\/manual\/quem-somos\/\" class=\"uagb-infobox-cta-link uagb-ifb-cta-button\" target=\"_self\" rel=\"noopener noreferrer\"><span class=\"uagb-ifb-button-icon uagb-ifb-align-icon-after\"><svg xmlns=\"http:\/\/www.w3.org\/2000\/svg\" viewbox=\"0 0 448 512\"><path d=\"M190.5 66.9l22.2-22.2c9.4-9.4 24.6-9.4 33.9 0L441 239c9.4 9.4 9.4 24.6 0 33.9L246.6 467.3c-9.4 9.4-24.6 9.4-33.9 0l-22.2-22.2c-9.5-9.5-9.3-25 .4-34.3L311.4 296H24c-13.3 0-24-10.7-24-24v-32c0-13.3 10.7-24 24-24h287.4L190.9 101.2c-9.8-9.3-10-24.8-.4-34.3z\"><\/path><\/svg><\/span><span class=\"uagb-ifb-cta-content-wrapper\"><span class=\"uagb-inline-editing \">Mais sobre n\u00f3s<\/span><\/span><\/a><\/div><\/div><\/div><\/div><\/div><\/div><\/div>\n<\/div><\/div>\n\n\n\n<div class=\"wp-block-uagb-column uagb-column__wrap uagb-column__background-undefined uagb-block-8fc83fb6\"><div class=\"uagb-column__overlay\"><\/div><div class=\"uagb-column__inner-wrap\">\n<figure class=\"wp-block-image size-large\"><img loading=\"lazy\" width=\"532\" height=\"825\" src=\"https:\/\/digitalproltda.com.br\/cursowp\/manual\/wp-content\/uploads\/2020\/10\/pizza.jpg\" alt=\"\" class=\"wp-image-107\" srcset=\"https:\/\/digitalproltda.com.br\/cursowp\/manual\/wp-content\/uploads\/2020\/10\/pizza.jpg 532w, https:\/\/digitalproltda.com.br\/cursowp\/manual\/wp-content\/uploads\/2020\/10\/pizza-193x300.jpg 193w\" sizes=\"(max-width: 532px) 100vw, 532px\" \/><\/figure>\n<\/div><\/div>\n\n\n\n<div class=\"wp-block-uagb-column uagb-column__wrap uagb-column__background-image uagb-block-fef7c826\"><div class=\"uagb-column__overlay\"><\/div><div class=\"uagb-column__inner-wrap\">\n<div class=\"wp-block-uagb-advanced-heading uagb-block-d3242e40\"><h2 class=\"uagb-heading-text\">Hor\u00e1rio<\/h2><div class=\"uagb-separator-wrap\"><div class=\"uagb-separator\"><\/div><\/div><p class=\"uagb-desc-text\">Todos os dias de 09h at\u00e9 23h<\/p><\/div>\n<\/div><\/div>\n<\/div><\/section>\n\n\n\n<section class=\"wp-block-uagb-section uagb-section__wrap uagb-section__background-color uagb-block-fe2ad543\"><div class=\"uagb-section__overlay\"><\/div><div class=\"uagb-section__inner-wrap\">\n<div class=\"wp-block-uagb-info-box uagb-infobox__outer-wrap uagb-block-73f0bb0b\"><div class=\"uagb-infobox__content-wrap uagb-infobox uagb-infobox-has-image uagb-infobox-icon-above-title uagb-infobox-image-valign-top uagb-infobox-enable-border-radius \"><div class=\"uagb-ifb-left-right-wrap\"><div class=\"uagb-ifb-content\"><div class=\"uagb-ifb-image-icon-content uagb-ifb-imgicon-wrap\"><div class=\"uagb-ifb-image\"><div class=\"uagb-ifb-image-content\"><img class=\"\" src=\"https:\/\/digitalproltda.com.br\/cursowp\/manual\/wp-content\/uploads\/2020\/10\/folha-fundo-01.png\" alt=\"\"\/><\/div><\/div><\/div><div class=\"uagb-ifb-title-wrap\"><h2 class=\"uagb-ifb-title\">Nosso Card\u00e1pio<\/h2><\/div><div class=\"uagb-ifb-text-wrap\"><p class=\"uagb-ifb-desc\">Ingredientes de qualidade, pratos saborosos<\/p><\/div><\/div><\/div><\/div><\/div>\n\n\n\n<div class=\"cardapiohome uagb-rest_menu__outer-wrap uagb-block-840da726\"><div class=\"uagb-rest_menu__wrap uagb-rm__image-position-left  uagb-rm__align-left uagb-rm__image-aligned-top uagb-rm-stacked-tablet uagb-rm__desk-column-2 uagb-rm__tablet-column-2 uagb-rm__mobile-column-1 \"><div class=\"uagb-rm__content\"><div class=\"uagb-rm__image-content\"><div class=\"uagb-rm__image\"><img class=\"\" src=\"https:\/\/digitalproltda.com.br\/cursowp\/manual\/wp-content\/uploads\/2020\/10\/prato04-300x255-1.jpg\" alt=\"\"\/><\/div><\/div><div class=\"uagb-rm__text-wrap\"><div class=\"uagb-rm-details\"><div class=\"uagb-rm__title-wrap\"><h3 class=\"uagb-rm__title\">Peixe \u00e0 Hostnet<\/h3><div class=\"uagb-rest-menu-text-wrap\"><div class=\"uagb-rm__desc\">Acompanha salada e legumes<\/div><\/div><\/div><div class=\"uagb-rm__price-wrap\"><span class=\"uagb-rm__price\">R$35,00<\/span><\/div><\/div><\/div><\/div><div class=\"uagb-rm__separator-parent\"><div class=\"uagb-rm__separator\"><\/div><\/div><\/div><div class=\"uagb-rest_menu__wrap uagb-rm__image-position-left  uagb-rm__align-left uagb-rm__image-aligned-top uagb-rm-stacked-tablet uagb-rm__desk-column-2 uagb-rm__tablet-column-2 uagb-rm__mobile-column-1 \"><div class=\"uagb-rm__content\"><div class=\"uagb-rm__image-content\"><div class=\"uagb-rm__image\"><img class=\"\" src=\"https:\/\/digitalproltda.com.br\/cursowp\/manual\/wp-content\/uploads\/2020\/10\/prato01-300x255-1.jpg\" alt=\"\"\/><\/div><\/div><div class=\"uagb-rm__text-wrap\"><div class=\"uagb-rm-details\"><div class=\"uagb-rm__title-wrap\"><h3 class=\"uagb-rm__title\">Fettucine Curso em V\u00eddeo<\/h3><div class=\"uagb-rest-menu-text-wrap\"><div class=\"uagb-rm__desc\">Molho de carne mo\u00edda<\/div><\/div><\/div><div class=\"uagb-rm__price-wrap\"><span class=\"uagb-rm__price\">R$29,00<\/span><\/div><\/div><\/div><\/div><div class=\"uagb-rm__separator-parent\"><div class=\"uagb-rm__separator\"><\/div><\/div><\/div><div class=\"uagb-rest_menu__wrap uagb-rm__image-position-left  uagb-rm__align-left uagb-rm__image-aligned-top uagb-rm-stacked-tablet uagb-rm__desk-column-2 uagb-rm__tablet-column-2 uagb-rm__mobile-column-1 \"><div class=\"uagb-rm__content\"><div class=\"uagb-rm__image-content\"><div class=\"uagb-rm__image\"><img class=\"\" src=\"https:\/\/digitalproltda.com.br\/cursowp\/manual\/wp-content\/uploads\/2020\/10\/prato02-300x255-1.jpg\" alt=\"\"\/><\/div><\/div><div class=\"uagb-rm__text-wrap\"><div class=\"uagb-rm-details\"><div class=\"uagb-rm__title-wrap\"><h3 class=\"uagb-rm__title\">Spaghetti Ramiro<\/h3><div class=\"uagb-rest-menu-text-wrap\"><div class=\"uagb-rm__desc\">Molho alho e \u00f3leo<\/div><\/div><\/div><div class=\"uagb-rm__price-wrap\"><span class=\"uagb-rm__price\">R$25,00<\/span><\/div><\/div><\/div><\/div><div class=\"uagb-rm__separator-parent\"><div class=\"uagb-rm__separator\"><\/div><\/div><\/div><div class=\"uagb-rest_menu__wrap uagb-rm__image-position-left  uagb-rm__align-left uagb-rm__image-aligned-top uagb-rm-stacked-tablet uagb-rm__desk-column-2 uagb-rm__tablet-column-2 uagb-rm__mobile-column-1 \"><div class=\"uagb-rm__content\"><div class=\"uagb-rm__image-content\"><div class=\"uagb-rm__image\"><img class=\"\" src=\"https:\/\/digitalproltda.com.br\/cursowp\/manual\/wp-content\/uploads\/2020\/10\/prato03-300x255-1.jpg\" alt=\"\"\/><\/div><\/div><div class=\"uagb-rm__text-wrap\"><div class=\"uagb-rm-details\"><div class=\"uagb-rm__title-wrap\"><h3 class=\"uagb-rm__title\">Pizza Guanabara<\/h3><div class=\"uagb-rest-menu-text-wrap\"><div class=\"uagb-rm__desc\">Um pouco de tudo, e mais<\/div><\/div><\/div><div class=\"uagb-rm__price-wrap\"><span class=\"uagb-rm__price\">R$32,00<\/span><\/div><\/div><\/div><\/div><div class=\"uagb-rm__separator-parent\"><div class=\"uagb-rm__separator\"><\/div><\/div><\/div><\/div>\n\n\n\n<div style=\"height:50px\" aria-hidden=\"true\" class=\"wp-block-spacer\"><\/div>\n\n\n\n<div class=\"wp-block-uagb-buttons uagb-buttons__outer-wrap uagb-block-38579dc7\"><div class=\"uagb-buttons__wrap uagb-buttons-layout-wrap\">\n<div class=\"wp-block-uagb-buttons-child uagb-buttons__outer-wrap uagb-block-75318645\"><div class=\"uagb-button__wrapper\"><a class=\"uagb-buttons-repeater\" href=\"https:\/\/digitalproltda.com.br\/cursowp\/manual\/cardapio\/\" rel=\"noopener noreferrer\" target=\"_self\"><div class=\"uagb-button__link\">CARD\u00c1PIO COMPLETO<\/div><\/a><\/div><\/div>\n<\/div><\/div>\n\n\n\n<div style=\"height:50px\" aria-hidden=\"true\" class=\"wp-block-spacer\"><\/div>\n<\/div><\/section>\n\n\n\n<section class=\"wp-block-uagb-section uagb-section__wrap uagb-section__background-image uagb-block-b9ea3837\"><div class=\"uagb-section__overlay\"><\/div><div class=\"uagb-section__inner-wrap\">\n<section class=\"wp-block-uagb-columns uagb-columns__wrap uagb-columns__background-undefined uagb-columns__stack-mobile uagb-columns__valign-undefined uagb-columns__gap-10 alignundefined uagb-block-3fd98b61\"><div class=\"uagb-columns__overlay\"><\/div><div class=\"uagb-columns__inner-wrap uagb-columns__columns-2\">\n<div class=\"wp-block-uagb-column uagb-column__wrap uagb-column__background-undefined uagb-block-60328638\"><div class=\"uagb-column__overlay\"><\/div><div class=\"uagb-column__inner-wrap\">\n<figure class=\"wp-block-image size-large\"><img loading=\"lazy\" width=\"996\" height=\"750\" src=\"https:\/\/digitalproltda.com.br\/cursowp\/manual\/wp-content\/uploads\/2020\/10\/restaurante01.jpg\" alt=\"\" class=\"wp-image-200\" srcset=\"https:\/\/digitalproltda.com.br\/cursowp\/manual\/wp-content\/uploads\/2020\/10\/restaurante01.jpg 996w, https:\/\/digitalproltda.com.br\/cursowp\/manual\/wp-content\/uploads\/2020\/10\/restaurante01-300x226.jpg 300w, https:\/\/digitalproltda.com.br\/cursowp\/manual\/wp-content\/uploads\/2020\/10\/restaurante01-768x578.jpg 768w\" sizes=\"(max-width: 996px) 100vw, 996px\" \/><\/figure>\n<\/div><\/div>\n\n\n\n<div class=\"wp-block-uagb-column uagb-column__wrap uagb-column__background-undefined uagb-block-10ee58c7\"><div class=\"uagb-column__overlay\"><\/div><div class=\"uagb-column__inner-wrap\">\n<div class=\"wp-block-uagb-info-box uagb-infobox__outer-wrap uagb-block-bd119b75\"><div class=\"uagb-infobox__content-wrap uagb-infobox uagb-infobox-has-icon uagb-infobox-icon-above-title uagb-infobox-image-valign-top uagb-infobox-enable-border-radius \"><div class=\"uagb-ifb-left-right-wrap\"><div class=\"uagb-ifb-content\"><div class=\"uagb-ifb-image-icon-content uagb-ifb-imgicon-wrap\"><div class=\"uagb-ifb-icon-wrap\"><span class=\"uagb-ifb-icon\"><svg xmlns=\"http:\/\/www.w3.org\/2000\/svg\" viewbox=\"0 0 288 512\"><path d=\"M216 464h-40V346.81c68.47-15.89 118.05-79.91 111.4-154.16l-15.95-178.1C270.71 6.31 263.9 0 255.74 0H32.26c-8.15 0-14.97 6.31-15.7 14.55L.6 192.66C-6.05 266.91 43.53 330.93 112 346.82V464H72c-22.09 0-40 17.91-40 40 0 4.42 3.58 8 8 8h208c4.42 0 8-3.58 8-8 0-22.09-17.91-40-40-40zM61.75 48h164.5l7.17 80H54.58l7.17-80z\"><\/path><\/svg><\/span><\/div><\/div><div class=\"uagb-ifb-title-wrap\"><span class=\"uagb-ifb-title-prefix\">Toda quarta-feira<\/span><h2 class=\"uagb-ifb-title\">Happy Hour!<\/h2><\/div><div class=\"uagb-ifb-text-wrap\"><p class=\"uagb-ifb-desc\">Metade do pre\u00e7o nas garrafas de vinho e seis deliciosos lanches por R$9,00.<\/p><div class=\"uagb-ifb-cta uagb-infobox-cta-link-style\"><div class=\"uagb-ifb-button-wrapper\"><a href=\"\/\/digitalproltda.com.br\/cursowp\/manual\/noticias\/\" class=\"uagb-infobox-cta-link uagb-ifb-cta-button\" target=\"_self\" rel=\"noopener noreferrer\"><span class=\"uagb-ifb-button-icon uagb-ifb-align-icon-after\"><svg xmlns=\"http:\/\/www.w3.org\/2000\/svg\" viewbox=\"0 0 448 512\"><path d=\"M190.5 66.9l22.2-22.2c9.4-9.4 24.6-9.4 33.9 0L441 239c9.4 9.4 9.4 24.6 0 33.9L246.6 467.3c-9.4 9.4-24.6 9.4-33.9 0l-22.2-22.2c-9.5-9.5-9.3-25 .4-34.3L311.4 296H24c-13.3 0-24-10.7-24-24v-32c0-13.3 10.7-24 24-24h287.4L190.9 101.2c-9.8-9.3-10-24.8-.4-34.3z\"><\/path><\/svg><\/span><span class=\"uagb-ifb-cta-content-wrapper\"><span class=\"uagb-inline-editing \">MAIS NOT\u00cdCIAS<\/span><\/span><\/a><\/div><\/div><\/div><\/div><\/div><\/div><\/div>\n\n\n\n<p><\/p>\n<\/div><\/div>\n<\/div><\/section>\n<\/div><\/section>\n\n\n\n<p><\/p>\n","protected":false},"excerpt":{"rendered":"","protected":false},"author":1,"featured_media":0,"parent":0,"menu_order":0,"comment_status":"closed","ping_status":"closed","template":"","meta":[],"uagb_featured_image_src":{"full":false,"thumbnail":false,"medium":false,"medium_large":false,"large":false,"1536x1536":false,"2048x2048":false},"uagb_author_info":{"display_name":"cursoemvideo","author_link":"https:\/\/digitalproltda.com.br\/cursowp\/manual\/author\/cursoemvideo\/"},"uagb_comment_info":0,"uagb_excerpt":null,"_links":{"self":[{"href":"https:\/\/digitalproltda.com.br\/cursowp\/manual\/wp-json\/wp\/v2\/pages\/7"}],"collection":[{"href":"https:\/\/digitalproltda.com.br\/cursowp\/manual\/wp-json\/wp\/v2\/pages"}],"about":[{"href":"https:\/\/digitalproltda.com.br\/cursowp\/manual\/wp-json\/wp\/v2\/types\/page"}],"author":[{"embeddable":true,"href":"https:\/\/digitalproltda.com.br\/cursowp\/manual\/wp-json\/wp\/v2\/users\/1"}],"replies":[{"embeddable":true,"href":"https:\/\/digitalproltda.com.br\/cursowp\/manual\/wp-json\/wp\/v2\/comments?post=7"}],"version-history":[{"count":103,"href":"https:\/\/digitalproltda.com.br\/cursowp\/manual\/wp-json\/wp\/v2\/pages\/7\/revisions"}],"predecessor-version":[{"id":205,"href":"https:\/\/digitalproltda.com.br\/cursowp\/manual\/wp-json\/wp\/v2\/pages\/7\/revisions\/205"}],"wp:attachment":[{"href":"https:\/\/digitalproltda.com.br\/cursowp\/manual\/wp-json\/wp\/v2\/media?parent=7"}],"curies":[{"name":"wp","href":"https:\/\/api.w.org\/{rel}","templated":true}]}}